{"id":327,"date":"2026-02-12T16:51:47","date_gmt":"2026-02-12T16:51:47","guid":{"rendered":"https:\/\/www.studiostefanie.com\/?page_id=327"},"modified":"2026-02-13T21:28:58","modified_gmt":"2026-02-13T21:28:58","slug":"direction-design-airbnb","status":"publish","type":"page","link":"https:\/\/www.studiostefanie.com\/en\/direction-design-airbnb","title":{"rendered":"Direction design pour Airbnb"},"content":{"rendered":"<p>[et_pb_section fb_built=\u00a0\u00bb1&Prime; _builder_version=\u00a0\u00bb4.27.0&Prime; _module_preset=\u00a0\u00bbdefault\u00a0\u00bb hover_enabled=\u00a0\u00bb0&Prime; global_colors_info=\u00a0\u00bb{}\u00a0\u00bb background_color=\u00a0\u00bb#f8f7f3&Prime; sticky_enabled=\u00a0\u00bb0&Prime;][et_pb_row _builder_version=\u00a0\u00bb4.27.0&Prime; _module_preset=\u00a0\u00bbdefault\u00a0\u00bb custom_padding=\u00a0\u00bb||17px|||\u00a0\u00bb global_colors_info=\u00a0\u00bb{}\u00a0\u00bb][et_pb_column type=\u00a0\u00bb4_4&Prime; _builder_version=\u00a0\u00bb4.27.0&Prime; _module_preset=\u00a0\u00bbdefault\u00a0\u00bb global_colors_info=\u00a0\u00bb{}\u00a0\u00bb][et_pb_text _builder_version=\u00a0\u00bb4.27.0&Prime; _module_preset=\u00a0\u00bbdefault\u00a0\u00bb global_colors_info=\u00a0\u00bb{}\u00a0\u00bb]<\/p>\n<h1 data-start=\"523\" data-end=\"574\">Direction design pour Airbnb &amp; unit\u00e9s locatives<\/h1>\n<p data-start=\"576\" data-end=\"759\">Un service de direction design pens\u00e9 pour les propri\u00e9taires et investisseurs qui souhaitent cr\u00e9er une unit\u00e9 coh\u00e9rente, \u00e9l\u00e9gante et performante \u2014 sans passer par un mandat cl\u00e9 en main.<\/p>\n<hr data-start=\"761\" data-end=\"764\" \/>\n<h2 data-start=\"766\" data-end=\"779\"><\/h2>\n<h2 data-start=\"766\" data-end=\"779\">Le concept<\/h2>\n<p data-start=\"781\" data-end=\"857\">Ce service offre une vision claire et strat\u00e9gique pour votre unit\u00e9 locative.<\/p>\n<p data-start=\"859\" data-end=\"992\">L\u2019objectif :<br data-start=\"871\" data-end=\"874\" \/>Cr\u00e9er un int\u00e9rieur harmonieux, r\u00e9fl\u00e9chi et adapt\u00e9 \u00e0 votre client\u00e8le cible, tout en optimisant la perception de valeur.<\/p>\n<p data-start=\"994\" data-end=\"1113\">Il s\u2019agit d\u2019un accompagnement structur\u00e9, \u00e0 distance, con\u00e7u pour simplifier vos d\u00e9cisions et vous guider avec pr\u00e9cision.<\/p>\n<hr data-start=\"1115\" data-end=\"1118\" \/>\n<h2 data-start=\"1120\" data-end=\"1142\"><\/h2>\n<h2 data-start=\"1120\" data-end=\"1142\">Ce que vous recevez<\/h2>\n<ul data-start=\"1144\" data-end=\"1385\">\n<li data-start=\"1144\" data-end=\"1181\">\n<p data-start=\"1146\" data-end=\"1181\">Une direction esth\u00e9tique compl\u00e8te<\/p>\n<\/li>\n<li data-start=\"1182\" data-end=\"1237\">\n<p data-start=\"1184\" data-end=\"1237\">Une palette de couleurs et recommandations de finis<\/p>\n<\/li>\n<li data-start=\"1238\" data-end=\"1298\">\n<p data-start=\"1240\" data-end=\"1298\">Une s\u00e9lection de mobilier et accessoires (liens fournis)<\/p>\n<\/li>\n<li data-start=\"1299\" data-end=\"1336\">\n<p data-start=\"1301\" data-end=\"1336\">Des recommandations d\u2019am\u00e9nagement<\/p>\n<\/li>\n<li data-start=\"1337\" data-end=\"1385\">\n<p data-start=\"1339\" data-end=\"1385\">Des conseils strat\u00e9giques selon votre budget<\/p>\n<\/li>\n<\/ul>\n<p data-start=\"1387\" data-end=\"1424\">Livraison en 7 \u00e0 10 jours ouvrables.<\/p>\n<hr data-start=\"1426\" data-end=\"1429\" \/>\n<h2 data-start=\"1431\" data-end=\"1455\"><\/h2>\n<h2 data-start=\"1431\" data-end=\"1455\">Comment \u00e7a fonctionne<\/h2>\n<p data-start=\"1457\" data-end=\"1618\">Apr\u00e8s r\u00e9ception de vos plans, photos et informations cl\u00e9s, j\u2019analyse votre espace afin de proposer une direction design adapt\u00e9e \u00e0 votre unit\u00e9 et \u00e0 vos objectifs.<\/p>\n<p data-start=\"1620\" data-end=\"1693\">Vous recevez ensuite un document structur\u00e9, clair et pr\u00eat \u00e0 \u00eatre ex\u00e9cut\u00e9.<\/p>\n<hr data-start=\"1695\" data-end=\"1698\" \/>\n<h2 data-start=\"1700\" data-end=\"1713\"><\/h2>\n<h2 data-start=\"1700\" data-end=\"1713\">Pour qui ?<\/h2>\n<ul data-start=\"1715\" data-end=\"1899\">\n<li data-start=\"1715\" data-end=\"1759\">\n<p data-start=\"1717\" data-end=\"1759\">Propri\u00e9taires de locations \u00e0 court terme<\/p>\n<\/li>\n<li data-start=\"1760\" data-end=\"1789\">\n<p data-start=\"1762\" data-end=\"1789\">Investisseurs immobiliers<\/p>\n<\/li>\n<li data-start=\"1790\" data-end=\"1814\">\n<p data-start=\"1792\" data-end=\"1814\">Projets multi-unit\u00e9s<\/p>\n<\/li>\n<li data-start=\"1815\" data-end=\"1899\">\n<p data-start=\"1817\" data-end=\"1899\">Clients souhaitant une direction professionnelle sans gestion compl\u00e8te de projet<\/p>\n<\/li>\n<\/ul>\n<hr data-start=\"1901\" data-end=\"1904\" \/>\n<h2 data-start=\"1906\" data-end=\"1923\"><\/h2>\n<h2 data-start=\"1906\" data-end=\"1923\">Investissement<\/h2>\n<p data-start=\"1925\" data-end=\"1959\">\u00c0 partir de 3 500 $ CAD par unit\u00e9.<\/p>\n<p data-start=\"1961\" data-end=\"2036\">Des tarifs pr\u00e9f\u00e9rentiels peuvent s\u2019appliquer pour des projets multi-unit\u00e9s.<\/p>\n<hr data-start=\"2038\" data-end=\"2041\" \/>\n<h2 data-start=\"2043\" data-end=\"2050\"><\/h2>\n<h2 data-start=\"2043\" data-end=\"2050\">Note<\/h2>\n<p data-start=\"2052\" data-end=\"2201\">Ce service constitue une direction design bas\u00e9e sur les informations fournies.<br data-start=\"2130\" data-end=\"2133\" \/>Les dimensions et conditions doivent \u00eatre valid\u00e9es avant tout achat.<\/p>\n<hr data-start=\"2203\" data-end=\"2206\" \/>\n<h2 data-start=\"2208\" data-end=\"2226\"><\/h2>\n<h2 data-start=\"2208\" data-end=\"2226\">Prochaine \u00e9tape<\/h2>\n<p data-start=\"2228\" data-end=\"2321\">Pour v\u00e9rifier la disponibilit\u00e9 ou discuter de votre projet :<br data-start=\"2288\" data-end=\"2291\" \/>R\u00e9server un appel d\u00e9couverte!<\/p>\n<p>[\/et_pb_text][\/et_pb_column][\/et_pb_row][et_pb_row _builder_version=\u00a0\u00bb4.27.0&Prime; _module_preset=\u00a0\u00bbdefault\u00a0\u00bb filter_brightness=\u00a0\u00bb50%\u00a0\u00bb global_colors_info=\u00a0\u00bb{}\u00a0\u00bb][et_pb_column type=\u00a0\u00bb4_4&Prime; _builder_version=\u00a0\u00bb4.27.0&Prime; _module_preset=\u00a0\u00bbdefault\u00a0\u00bb global_colors_info=\u00a0\u00bb{}\u00a0\u00bb][et_pb_button button_url=\u00a0\u00bbhttps:\/\/www.studiostefanie.com\/contact\u00a0\u00bb button_text=\u00a0\u00bbR\u00e9server un appel d\u00e9couverte\u00a0\u00bb _builder_version=\u00a0\u00bb4.27.0&Prime; _module_preset=\u00a0\u00bbdefault\u00a0\u00bb z_index=\u00a0\u00bb999&Prime; global_colors_info=\u00a0\u00bb{}\u00a0\u00bb][\/et_pb_button][\/et_pb_column][\/et_pb_row][\/et_pb_section]<\/p>","protected":false},"excerpt":{"rendered":"<p>Direction design pour Airbnb &amp; unit\u00e9s locatives Un service de direction design pens\u00e9 pour les propri\u00e9taires et investisseurs qui souhaitent cr\u00e9er une unit\u00e9 coh\u00e9rente, \u00e9l\u00e9gante et performante \u2014 sans passer par un mandat cl\u00e9 en main. Le concept Ce service offre une vision claire et strat\u00e9gique pour votre unit\u00e9 locative. L\u2019objectif :Cr\u00e9er un int\u00e9rieur harmonieux, [&hellip;]<\/p>","protected":false},"author":1,"featured_media":0,"parent":0,"menu_order":0,"comment_status":"closed","ping_status":"closed","template":"","meta":{"_et_pb_use_builder":"on","_et_pb_old_content":"","_et_gb_content_width":"","footnotes":""},"class_list":["post-327","page","type-page","status-publish","hentry"],"_links":{"self":[{"href":"https:\/\/www.studiostefanie.com\/en\/wp-json\/wp\/v2\/pages\/327","targetHints":{"allow":["GET"]}}],"collection":[{"href":"https:\/\/www.studiostefanie.com\/en\/wp-json\/wp\/v2\/pages"}],"about":[{"href":"https:\/\/www.studiostefanie.com\/en\/wp-json\/wp\/v2\/types\/page"}],"author":[{"embeddable":true,"href":"https:\/\/www.studiostefanie.com\/en\/wp-json\/wp\/v2\/users\/1"}],"replies":[{"embeddable":true,"href":"https:\/\/www.studiostefanie.com\/en\/wp-json\/wp\/v2\/comments?post=327"}],"version-history":[{"count":9,"href":"https:\/\/www.studiostefanie.com\/en\/wp-json\/wp\/v2\/pages\/327\/revisions"}],"predecessor-version":[{"id":350,"href":"https:\/\/www.studiostefanie.com\/en\/wp-json\/wp\/v2\/pages\/327\/revisions\/350"}],"wp:attachment":[{"href":"https:\/\/www.studiostefanie.com\/en\/wp-json\/wp\/v2\/media?parent=327"}],"curies":[{"name":"wp","href":"https:\/\/api.w.org\/{rel}","templated":true}]}}