{"id":37,"date":"2024-09-13T16:00:22","date_gmt":"2024-09-13T16:00:22","guid":{"rendered":"https:\/\/www.studiostefanie.com\/?page_id=37"},"modified":"2024-09-13T22:22:55","modified_gmt":"2024-09-13T22:22:55","slug":"portfolio","status":"publish","type":"page","link":"https:\/\/www.studiostefanie.com\/en\/portfolio","title":{"rendered":"Portfolio"},"content":{"rendered":"<p>[et_pb_section fb_built=\u00a0\u00bb1&Prime; admin_label=\u00a0\u00bbProjects\u00a0\u00bb _builder_version=\u00a0\u00bb4.20.0&Prime; _module_preset=\u00a0\u00bbdefault\u00a0\u00bb width=\u00a0\u00bb100%\u00a0\u00bb custom_padding=\u00a0\u00bb|1px||||\u00a0\u00bb locked=\u00a0\u00bboff\u00a0\u00bb collapsed=\u00a0\u00bbon\u00a0\u00bb global_colors_info=\u00a0\u00bb{}\u00a0\u00bb][et_pb_row _builder_version=\u00a0\u00bb4.20.0&Prime; _module_preset=\u00a0\u00bbdefault\u00a0\u00bb global_colors_info=\u00a0\u00bb{}\u00a0\u00bb][et_pb_column type=\u00a0\u00bb4_4&Prime; _builder_version=\u00a0\u00bb4.20.0&Prime; _module_preset=\u00a0\u00bbdefault\u00a0\u00bb global_colors_info=\u00a0\u00bb{}\u00a0\u00bb][et_pb_text _builder_version=\u00a0\u00bb4.20.0&Prime; _module_preset=\u00a0\u00bb0bbf793b-0999-40ab-8aab-a86e53ff0177&Prime; global_colors_info=\u00a0\u00bb{}\u00a0\u00bb]<\/p>\n<h1>Portfolio<\/h1>\n<p>[\/et_pb_text][\/et_pb_column][\/et_pb_row][et_pb_row column_structure=\u00a0\u00bb1_2,1_2&Prime; _builder_version=\u00a0\u00bb4.20.0&Prime; _module_preset=\u00a0\u00bbdefault\u00a0\u00bb global_colors_info=\u00a0\u00bb{}\u00a0\u00bb][et_pb_column type=\u00a0\u00bb1_2&Prime; _builder_version=\u00a0\u00bb4.20.0&Prime; _module_preset=\u00a0\u00bbdefault\u00a0\u00bb custom_padding_tablet=\u00a0\u00bb||30px||false|false\u00a0\u00bb custom_padding_phone=\u00a0\u00bb||30px||false|false\u00a0\u00bb custom_padding_last_edited=\u00a0\u00bbon|tablet\u00a0\u00bb global_colors_info=\u00a0\u00bb{}\u00a0\u00bb][et_pb_image src=\u00a0\u00bbhttps:\/\/www.studiostefanie.com\/wp-content\/uploads\/2024\/08\/b4cb65d0-96f8-429a-bd6f-91704aab8b43.jpeg.webp\u00a0\u00bb title_text=\u00a0\u00bbLake House 2&Prime; url=\u00a0\u00bbhttps:\/\/www.studiostefanie.com\/project\/knowlton-1&Prime; use_overlay=\u00a0\u00bbon\u00a0\u00bb overlay_icon_color=\u00a0\u00bb#000000&Prime; hover_overlay_color=\u00a0\u00bbRGBA(255,255,255,0)\u00a0\u00bb hover_icon=\u00a0\u00bb&#xf00e;||fa||900&Prime; _builder_version=\u00a0\u00bb4.27.0&Prime; _module_preset=\u00a0\u00bbdefault\u00a0\u00bb background_color=\u00a0\u00bbrgba(0,0,0,0.04)\u00a0\u00bb custom_margin=\u00a0\u00bb||||false|false\u00a0\u00bb box_shadow_style=\u00a0\u00bbpreset4&Prime; box_shadow_horizontal=\u00a0\u00bb0px\u00a0\u00bb box_shadow_vertical=\u00a0\u00bb0px\u00a0\u00bb box_shadow_color=\u00a0\u00bbrgba(0,0,0,0.05)\u00a0\u00bb global_colors_info=\u00a0\u00bb{}\u00a0\u00bb custom_padding__hover_enabled=\u00a0\u00bboff|hover\u00a0\u00bb custom_padding__hover=\u00a0\u00bb50px|50px|50px|50px|true|true\u00a0\u00bb box_shadow_vertical__hover_enabled=\u00a0\u00bboff|hover\u00a0\u00bb box_shadow_blur__hover_enabled=\u00a0\u00bboff|hover\u00a0\u00bb box_shadow_blur__hover=\u00a0\u00bb0px\u00a0\u00bb box_shadow_color__hover_enabled=\u00a0\u00bboff|hover\u00a0\u00bb box_shadow_color__hover=\u00a0\u00bbrgba(0,0,0,0.3)\u00a0\u00bb custom_margin__hover_enabled=\u00a0\u00bboff|hover\u00a0\u00bb custom_margin__hover=\u00a0\u00bb||62px||false|false\u00a0\u00bb transform_styles__hover_enabled=\u00a0\u00bbon|hover\u00a0\u00bb transform_scale__hover_enabled=\u00a0\u00bbon|hover\u00a0\u00bb transform_translate__hover_enabled=\u00a0\u00bbon|desktop\u00a0\u00bb transform_rotate__hover_enabled=\u00a0\u00bbon|desktop\u00a0\u00bb transform_skew__hover_enabled=\u00a0\u00bbon|desktop\u00a0\u00bb transform_origin__hover_enabled=\u00a0\u00bbon|desktop\u00a0\u00bb transform_scale__hover=\u00a0\u00bb90%|90%\u00a0\u00bb box_shadow_spread__hover_enabled=\u00a0\u00bbon|hover\u00a0\u00bb box_shadow_spread__hover=\u00a0\u00bb30px\u00a0\u00bb][\/et_pb_image][et_pb_text _builder_version=\u00a0\u00bb4.27.0&Prime; _module_preset=\u00a0\u00bbb4353783-289d-4323-8c28-e44bb235dd4d\u00a0\u00bb custom_margin=\u00a0\u00bb||10px||false|false\u00a0\u00bb global_colors_info=\u00a0\u00bb{}\u00a0\u00bb]<\/p>\n<h4>RIVER House<\/h4>\n<p>[\/et_pb_text][et_pb_text _builder_version=\u00a0\u00bb4.20.0&Prime; _module_preset=\u00a0\u00bb9ee2d156-7f94-43f6-a206-2308f9e533ae\u00a0\u00bb global_colors_info=\u00a0\u00bb{}\u00a0\u00bb]<\/p>\n<p><span style=\"font-weight: 400;\">Situ\u00e9 dans un rang au bord d\u2019une rivi\u00e8re, nous avons respect\u00e9 le style rustique en mettant en valeur le charme de la campagne. Ayant mis l&rsquo;accent sur la simplicit\u00e9 et la beaut\u00e9 avec un mouvement chaleureux et romantique.\u00a0<\/span><\/p>\n<p><span style=\"font-weight: 400;\">L&rsquo;int\u00e9rieur arbore des couleurs naturelles, des accessoires aux motifs \u00e9l\u00e9gants, et du bois brut pour cr\u00e9er un \u00e9quilibre parfait avec une atmosph\u00e8re authentique.<\/span><\/p>\n<p><span style=\"font-weight: 400;\">Avec ses espaces lumineux et son ambiance chaleureuse, cet int\u00e9rieur \u00e9voque la tranquillit\u00e9 et le charme de la campagne.<\/span><\/p>\n<p>[\/et_pb_text][\/et_pb_column][et_pb_column type=\u00a0\u00bb1_2&Prime; _builder_version=\u00a0\u00bb4.20.0&Prime; _module_preset=\u00a0\u00bbdefault\u00a0\u00bb global_colors_info=\u00a0\u00bb{}\u00a0\u00bb][et_pb_image src=\u00a0\u00bbhttps:\/\/www.studiostefanie.com\/wp-content\/uploads\/2024\/09\/Photo_1_Cover.jpg\u00a0\u00bb title_text=\u00a0\u00bbPhoto_1_Cover\u00a0\u00bb url=\u00a0\u00bbhttps:\/\/www.studiostefanie.com\/project\/dunham\u00a0\u00bb use_overlay=\u00a0\u00bbon\u00a0\u00bb overlay_icon_color=\u00a0\u00bb#000000&Prime; hover_overlay_color=\u00a0\u00bbRGBA(255,255,255,0)\u00a0\u00bb hover_icon=\u00a0\u00bb&#xf00e;||fa||900&Prime; _builder_version=\u00a0\u00bb4.27.0&Prime; _module_preset=\u00a0\u00bbdefault\u00a0\u00bb background_color=\u00a0\u00bbrgba(0,0,0,0.04)\u00a0\u00bb custom_margin=\u00a0\u00bb||43px|||\u00a0\u00bb custom_padding=\u00a0\u00bb||0px|||\u00a0\u00bb box_shadow_style=\u00a0\u00bbpreset4&Prime; box_shadow_horizontal=\u00a0\u00bb0px\u00a0\u00bb box_shadow_vertical=\u00a0\u00bb0px\u00a0\u00bb box_shadow_color=\u00a0\u00bbrgba(0,0,0,0.05)\u00a0\u00bb global_colors_info=\u00a0\u00bb{}\u00a0\u00bb transform_styles__hover_enabled=\u00a0\u00bbon|hover\u00a0\u00bb transform_scale__hover=\u00a0\u00bb90%|90%\u00a0\u00bb transform_scale__hover_enabled=\u00a0\u00bbon|hover\u00a0\u00bb transform_translate__hover_enabled=\u00a0\u00bbon|desktop\u00a0\u00bb transform_rotate__hover_enabled=\u00a0\u00bbon|desktop\u00a0\u00bb transform_skew__hover_enabled=\u00a0\u00bbon|desktop\u00a0\u00bb transform_origin__hover_enabled=\u00a0\u00bbon|desktop\u00a0\u00bb box_shadow_spread__hover=\u00a0\u00bb30px\u00a0\u00bb box_shadow_spread__hover_enabled=\u00a0\u00bbon|desktop\u00a0\u00bb][\/et_pb_image][et_pb_text _builder_version=\u00a0\u00bb4.27.0&Prime; _module_preset=\u00a0\u00bbb4353783-289d-4323-8c28-e44bb235dd4d\u00a0\u00bb custom_margin=\u00a0\u00bb||10px||false|false\u00a0\u00bb global_colors_info=\u00a0\u00bb{}\u00a0\u00bb]<\/p>\n<h4>LA R\u00c9SERVE Dunham<\/h4>\n<p>[\/et_pb_text][et_pb_text _builder_version=\u00a0\u00bb4.20.0&Prime; _module_preset=\u00a0\u00bb9ee2d156-7f94-43f6-a206-2308f9e533ae\u00a0\u00bb global_colors_info=\u00a0\u00bb{}\u00a0\u00bb]<\/p>\n<p><span style=\"font-weight: 400;\">D\u00e9couvrez un univers o\u00f9 le charme <\/span><i><span style=\"font-weight: 400;\">vintage<\/span><\/i><span style=\"font-weight: 400;\"> rencontre la modernit\u00e9.\u00a0<\/span><\/p>\n<p><span style=\"font-weight: 400;\">Cette propri\u00e9t\u00e9 ayant \u00e9t\u00e9 magnifiquement restaur\u00e9e par le propri\u00e9taire, il \u00e9tait donc important de garder un \u00e9quilibre parfait entre l\u2019ancien et le nouveau. Nous avons gard\u00e9 un m\u00e9lange offrant des espaces \u00e0 la fois simples, \u00e9l\u00e9gants et raffin\u00e9s tout en \u00e9tant chaleureux et romantique.\u00a0<\/span><\/p>\n<p><span style=\"font-weight: 400;\">La fusion des d\u00e9tails de design europ\u00e9ens traditionnels, charg\u00e9s d\u2019histoire, avec des \u00e9l\u00e9ments minimalistes cr\u00e9e une harmonie captivante et intemporelle.\u00a0<\/span><\/p>\n<p><span style=\"font-weight: 400;\">Minimalisme et contemporain, o\u00f9 les lignes \u00e9pur\u00e9es et les couleurs neutres forment la toile, tandis que les touches de pi\u00e8ces vintage et d&rsquo;antiquit\u00e9s viennent compl\u00e9ter le tableau.<\/span><\/p>\n<p>[\/et_pb_text][\/et_pb_column][\/et_pb_row][et_pb_row column_structure=\u00a0\u00bb1_2,1_2&Prime; _builder_version=\u00a0\u00bb4.27.0&Prime; _module_preset=\u00a0\u00bbdefault\u00a0\u00bb global_colors_info=\u00a0\u00bb{}\u00a0\u00bb][et_pb_column type=\u00a0\u00bb1_2&Prime; _builder_version=\u00a0\u00bb4.20.0&Prime; _module_preset=\u00a0\u00bbdefault\u00a0\u00bb custom_padding_tablet=\u00a0\u00bb||30px||false|false\u00a0\u00bb custom_padding_phone=\u00a0\u00bb||30px||false|false\u00a0\u00bb custom_padding_last_edited=\u00a0\u00bbon|tablet\u00a0\u00bb global_colors_info=\u00a0\u00bb{}\u00a0\u00bb][et_pb_image src=\u00a0\u00bbhttps:\/\/www.studiostefanie.com\/wp-content\/uploads\/2024\/09\/Photo_1_Cover_Black-Canvas.jpg\u00a0\u00bb title_text=\u00a0\u00bbPhoto_1_Cover_Black Canvas\u00a0\u00bb url=\u00a0\u00bbhttps:\/\/www.studiostefanie.com\/project\/knowlton-projet-1&Prime; use_overlay=\u00a0\u00bbon\u00a0\u00bb overlay_icon_color=\u00a0\u00bb#000000&Prime; hover_overlay_color=\u00a0\u00bbRGBA(255,255,255,0)\u00a0\u00bb hover_icon=\u00a0\u00bb&#xf00e;||fa||900&Prime; _builder_version=\u00a0\u00bb4.27.0&Prime; _module_preset=\u00a0\u00bbdefault\u00a0\u00bb background_color=\u00a0\u00bbrgba(0,0,0,0.04)\u00a0\u00bb custom_margin=\u00a0\u00bb||||false|false\u00a0\u00bb hover_enabled=\u00a0\u00bb0&Prime; box_shadow_style=\u00a0\u00bbpreset4&Prime; box_shadow_horizontal=\u00a0\u00bb0px\u00a0\u00bb box_shadow_vertical=\u00a0\u00bb0px\u00a0\u00bb box_shadow_color=\u00a0\u00bbrgba(0,0,0,0.05)\u00a0\u00bb global_colors_info=\u00a0\u00bb{}\u00a0\u00bb custom_padding__hover_enabled=\u00a0\u00bboff|hover\u00a0\u00bb custom_padding__hover=\u00a0\u00bb50px|50px|50px|50px|true|true\u00a0\u00bb box_shadow_vertical__hover_enabled=\u00a0\u00bboff|hover\u00a0\u00bb box_shadow_blur__hover_enabled=\u00a0\u00bboff|hover\u00a0\u00bb box_shadow_blur__hover=\u00a0\u00bb0px\u00a0\u00bb box_shadow_color__hover_enabled=\u00a0\u00bboff|hover\u00a0\u00bb box_shadow_color__hover=\u00a0\u00bbrgba(0,0,0,0.3)\u00a0\u00bb custom_margin__hover_enabled=\u00a0\u00bboff|hover\u00a0\u00bb custom_margin__hover=\u00a0\u00bb||62px||false|false\u00a0\u00bb transform_styles__hover_enabled=\u00a0\u00bbon|hover\u00a0\u00bb transform_scale__hover_enabled=\u00a0\u00bbon|hover\u00a0\u00bb transform_translate__hover_enabled=\u00a0\u00bbon|desktop\u00a0\u00bb transform_rotate__hover_enabled=\u00a0\u00bbon|desktop\u00a0\u00bb transform_skew__hover_enabled=\u00a0\u00bbon|desktop\u00a0\u00bb transform_origin__hover_enabled=\u00a0\u00bbon|desktop\u00a0\u00bb transform_scale__hover=\u00a0\u00bb90%|90%\u00a0\u00bb box_shadow_spread__hover_enabled=\u00a0\u00bbon|hover\u00a0\u00bb box_shadow_spread__hover=\u00a0\u00bb30px\u00a0\u00bb sticky_enabled=\u00a0\u00bb0&Prime;][\/et_pb_image][et_pb_text _builder_version=\u00a0\u00bb4.27.0&Prime; _module_preset=\u00a0\u00bbb4353783-289d-4323-8c28-e44bb235dd4d\u00a0\u00bb custom_margin=\u00a0\u00bb||10px||false|false\u00a0\u00bb hover_enabled=\u00a0\u00bb0&Prime; global_colors_info=\u00a0\u00bb{}\u00a0\u00bb sticky_enabled=\u00a0\u00bb0&Prime;]<\/p>\n<h4>KMOWLTON : BLACK CANVAS<\/h4>\n<p>[\/et_pb_text][et_pb_text _builder_version=\u00a0\u00bb4.27.0&Prime; _module_preset=\u00a0\u00bb9ee2d156-7f94-43f6-a206-2308f9e533ae\u00a0\u00bb global_colors_info=\u00a0\u00bb{}\u00a0\u00bb]<\/p>\n<p><span style=\"font-weight: 400;\">Il \u00e9tait important pour moi de pr\u00e9server le caract\u00e8re du village tout en int\u00e9grant des \u00e9l\u00e9ments modernes, cr\u00e9ant ainsi un espace qui c\u00e9l\u00e8bre \u00e0 la fois le pass\u00e9 et le pr\u00e9sent.<\/span><\/p>\n<p><span style=\"font-weight: 400;\">La d\u00e9coration allie simplicit\u00e9 et chaleur, avec des touches de noir qui enrichissent l&rsquo;espace. Les meubles de couleur noire jouent un r\u00f4le central en ajoutant une touche contemporaine \u00e0 l\u2019espace tout en respectant l\u2019authenticit\u00e9 du style. Les pi\u00e8ces noires, telles que le sofa, les chaises et les tables \u00e0 caf\u00e9, sont subtilement mises en valeur gr\u00e2ce \u00e0 des contrastes \u00e9l\u00e9gants avec des \u00e9l\u00e9ments boho comme des tissus en macram\u00e9 et des motifs ethniques, cr\u00e9ant ainsi un espace \u00e0 la fois chic et d\u00e9contract\u00e9.<\/span><\/p>\n<p>[\/et_pb_text][\/et_pb_column][et_pb_column type=\u00a0\u00bb1_2&Prime; _builder_version=\u00a0\u00bb4.20.0&Prime; _module_preset=\u00a0\u00bbdefault\u00a0\u00bb global_colors_info=\u00a0\u00bb{}\u00a0\u00bb][et_pb_image src=\u00a0\u00bbhttps:\/\/www.studiostefanie.com\/wp-content\/uploads\/2024\/09\/Photo_1_Cover_Modern_Boho.jpg\u00a0\u00bb title_text=\u00a0\u00bbPhoto_1_Cover_Modern_Boho\u00a0\u00bb url=\u00a0\u00bbhttps:\/\/www.studiostefanie.com\/project\/knowlton-projet-2&Prime; use_overlay=\u00a0\u00bbon\u00a0\u00bb overlay_icon_color=\u00a0\u00bb#000000&Prime; hover_overlay_color=\u00a0\u00bbRGBA(255,255,255,0)\u00a0\u00bb hover_icon=\u00a0\u00bb&#xf00e;||fa||900&Prime; _builder_version=\u00a0\u00bb4.27.0&Prime; _module_preset=\u00a0\u00bbdefault\u00a0\u00bb background_color=\u00a0\u00bbrgba(0,0,0,0.04)\u00a0\u00bb hover_enabled=\u00a0\u00bb0&Prime; box_shadow_style=\u00a0\u00bbpreset4&Prime; box_shadow_horizontal=\u00a0\u00bb0px\u00a0\u00bb box_shadow_vertical=\u00a0\u00bb0px\u00a0\u00bb box_shadow_color=\u00a0\u00bbrgba(0,0,0,0.05)\u00a0\u00bb global_colors_info=\u00a0\u00bb{}\u00a0\u00bb transform_styles__hover_enabled=\u00a0\u00bbon|hover\u00a0\u00bb transform_scale__hover=\u00a0\u00bb90%|90%\u00a0\u00bb transform_scale__hover_enabled=\u00a0\u00bbon|hover\u00a0\u00bb transform_translate__hover_enabled=\u00a0\u00bbon|desktop\u00a0\u00bb transform_rotate__hover_enabled=\u00a0\u00bbon|desktop\u00a0\u00bb transform_skew__hover_enabled=\u00a0\u00bbon|desktop\u00a0\u00bb transform_origin__hover_enabled=\u00a0\u00bbon|desktop\u00a0\u00bb box_shadow_spread__hover=\u00a0\u00bb30px\u00a0\u00bb box_shadow_spread__hover_enabled=\u00a0\u00bbon|desktop\u00a0\u00bb sticky_enabled=\u00a0\u00bb0&Prime;][\/et_pb_image][et_pb_text _builder_version=\u00a0\u00bb4.27.0&Prime; _module_preset=\u00a0\u00bbb4353783-289d-4323-8c28-e44bb235dd4d\u00a0\u00bb custom_margin=\u00a0\u00bb||10px||false|false\u00a0\u00bb link_option_url=\u00a0\u00bbhttps:\/\/www.studiostefanie.com\/project\/knowlton-projet-2&Prime; hover_enabled=\u00a0\u00bb0&Prime; global_colors_info=\u00a0\u00bb{}\u00a0\u00bb sticky_enabled=\u00a0\u00bb0&Prime;]<\/p>\n<h4>Knowlton : MODERN BOHO<\/h4>\n<p>[\/et_pb_text][et_pb_text _builder_version=\u00a0\u00bb4.20.0&Prime; _module_preset=\u00a0\u00bb9ee2d156-7f94-43f6-a206-2308f9e533ae\u00a0\u00bb global_colors_info=\u00a0\u00bb{}\u00a0\u00bb]<\/p>\n<p><span style=\"font-weight: 400;\">L&rsquo;objectif \u00e9tait de cr\u00e9er une atmosph\u00e8re accueillante et confortable tout en restant \u00e9l\u00e9gante.<\/span><\/p>\n<p><span style=\"font-weight: 400;\">Le lustre \u00e9tant l\u2019\u00e9l\u00e9ment central de la pi\u00e8ce, \u00e9quilibrent parfaitement et donne du caract\u00e8re \u00e0 l&rsquo;espace tout en renfor\u00e7ant le style de la pi\u00e8ce et en ajoutant une note d&rsquo;\u00e9l\u00e9gance et de sophistication.<\/span><\/p>\n<p><span style=\"font-weight: 400;\">La d\u00e9coration est minimaliste mais accueillante. Nous avons opt\u00e9 pour un mobilier formant un mariage de lignes \u00e9pur\u00e9es et de formes classiques. On y retrouve des accessoires tels que des coussins en lin, des couvertures en laine, des tapis en jute et des \u0153uvres d\u2019art qui m\u00ealent des \u00e9l\u00e9ments naturels \u00e0 des touches modernes. Les lignes \u00e9pur\u00e9es et les mat\u00e9riaux contemporains, comme les finitions en m\u00e9tal noir et les surfaces en quartz, sont soigneusement \u00e9quilibr\u00e9s.<\/span><\/p>\n<p>[\/et_pb_text][\/et_pb_column][\/et_pb_row][\/et_pb_section][et_pb_section fb_built=\u00a0\u00bb1&Prime; admin_label=\u00a0\u00bbFooter\u00a0\u00bb _builder_version=\u00a0\u00bb4.27.0&Prime; _module_preset=\u00a0\u00bbdefault\u00a0\u00bb background_color=\u00a0\u00bb#c2bcac\u00a0\u00bb saved_tabs=\u00a0\u00bball\u00a0\u00bb collapsed=\u00a0\u00bbon\u00a0\u00bb global_colors_info=\u00a0\u00bb{}\u00a0\u00bb][et_pb_row column_structure=\u00a0\u00bb1_3,1_3,1_3&Prime; _builder_version=\u00a0\u00bb4.20.0&Prime; _module_preset=\u00a0\u00bbdefault\u00a0\u00bb border_color_all=\u00a0\u00bbgcid-e6f8585f-043d-4f05-ad96-fb05b9e45208&Prime; border_width_top=\u00a0\u00bb1px\u00a0\u00bb global_colors_info=\u00a0\u00bb{%22gcid-e6f8585f-043d-4f05-ad96-fb05b9e45208%22:%91%22border_color_all%22%93}\u00a0\u00bb][et_pb_column type=\u00a0\u00bb1_3&Prime; _builder_version=\u00a0\u00bb4.20.0&Prime; _module_preset=\u00a0\u00bbdefault\u00a0\u00bb global_colors_info=\u00a0\u00bb{}\u00a0\u00bb][et_pb_text _builder_version=\u00a0\u00bb4.27.0&Prime; _module_preset=\u00a0\u00bb052c978b-4000-43d2-85f3-a535d7ab7cb6&Prime; header_5_text_color=\u00a0\u00bb#FFFFFF\u00a0\u00bb text_orientation=\u00a0\u00bbcenter\u00a0\u00bb custom_margin=\u00a0\u00bb||0px||false|false\u00a0\u00bb text_orientation_tablet=\u00a0\u00bbcenter\u00a0\u00bb text_orientation_phone=\u00a0\u00bb\u00a0\u00bb text_orientation_last_edited=\u00a0\u00bbon|tablet\u00a0\u00bb global_colors_info=\u00a0\u00bb{}\u00a0\u00bb]<\/p>\n<h5>Location<\/h5>\n<p>[\/et_pb_text][et_pb_text _builder_version=\u00a0\u00bb4.27.0&Prime; _module_preset=\u00a0\u00bb9ee2d156-7f94-43f6-a206-2308f9e533ae\u00a0\u00bb link_text_color=\u00a0\u00bbgcid-e6f8585f-043d-4f05-ad96-fb05b9e45208&Prime; text_orientation=\u00a0\u00bbcenter\u00a0\u00bb text_orientation_tablet=\u00a0\u00bbcenter\u00a0\u00bb text_orientation_phone=\u00a0\u00bb\u00a0\u00bb text_orientation_last_edited=\u00a0\u00bbon|tablet\u00a0\u00bb global_colors_info=\u00a0\u00bb{%22gcid-e6f8585f-043d-4f05-ad96-fb05b9e45208%22:%91%22link_text_color%22%93}\u00a0\u00bb]<\/p>\n<p>Montreal, QC<\/p>\n<p>[\/et_pb_text][\/et_pb_column][et_pb_column type=\u00a0\u00bb1_3&Prime; _builder_version=\u00a0\u00bb4.20.0&Prime; _module_preset=\u00a0\u00bbdefault\u00a0\u00bb global_colors_info=\u00a0\u00bb{}\u00a0\u00bb][et_pb_text _builder_version=\u00a0\u00bb4.20.0&Prime; _module_preset=\u00a0\u00bb052c978b-4000-43d2-85f3-a535d7ab7cb6&Prime; header_5_text_color=\u00a0\u00bb#FFFFFF\u00a0\u00bb text_orientation=\u00a0\u00bbcenter\u00a0\u00bb custom_margin=\u00a0\u00bb||0px||false|false\u00a0\u00bb global_colors_info=\u00a0\u00bb{}\u00a0\u00bb]<\/p>\n<h5>Phone<\/h5>\n<p>[\/et_pb_text][et_pb_text _builder_version=\u00a0\u00bb4.27.0&Prime; _module_preset=\u00a0\u00bb9ee2d156-7f94-43f6-a206-2308f9e533ae\u00a0\u00bb link_text_color=\u00a0\u00bbgcid-e6f8585f-043d-4f05-ad96-fb05b9e45208&Prime; text_orientation=\u00a0\u00bbcenter\u00a0\u00bb global_colors_info=\u00a0\u00bb{%22gcid-e6f8585f-043d-4f05-ad96-fb05b9e45208%22:%91%22link_text_color%22%93}\u00a0\u00bb]<\/p>\n<p>(514) 518-2442<\/p>\n<p>[\/et_pb_text][\/et_pb_column][et_pb_column type=\u00a0\u00bb1_3&Prime; _builder_version=\u00a0\u00bb4.20.0&Prime; _module_preset=\u00a0\u00bbdefault\u00a0\u00bb global_colors_info=\u00a0\u00bb{}\u00a0\u00bb][et_pb_text _builder_version=\u00a0\u00bb4.27.0&Prime; _module_preset=\u00a0\u00bb052c978b-4000-43d2-85f3-a535d7ab7cb6&Prime; header_5_text_color=\u00a0\u00bb#FFFFFF\u00a0\u00bb text_orientation=\u00a0\u00bbcenter\u00a0\u00bb custom_margin=\u00a0\u00bb||0px||false|false\u00a0\u00bb text_orientation_tablet=\u00a0\u00bbcenter\u00a0\u00bb text_orientation_phone=\u00a0\u00bb\u00a0\u00bb text_orientation_last_edited=\u00a0\u00bbon|tablet\u00a0\u00bb global_colors_info=\u00a0\u00bb{}\u00a0\u00bb]<\/p>\n<h5>Email<\/h5>\n<p>[\/et_pb_text][et_pb_text _builder_version=\u00a0\u00bb4.27.0&Prime; _module_preset=\u00a0\u00bb9ee2d156-7f94-43f6-a206-2308f9e533ae\u00a0\u00bb link_text_color=\u00a0\u00bbgcid-e6f8585f-043d-4f05-ad96-fb05b9e45208&Prime; text_orientation=\u00a0\u00bbcenter\u00a0\u00bb text_orientation_tablet=\u00a0\u00bbcenter\u00a0\u00bb text_orientation_phone=\u00a0\u00bb\u00a0\u00bb text_orientation_last_edited=\u00a0\u00bbon|tablet\u00a0\u00bb global_colors_info=\u00a0\u00bb{%22gcid-e6f8585f-043d-4f05-ad96-fb05b9e45208%22:%91%22link_text_color%22%93}\u00a0\u00bb]<\/p>\n<p>stefanie.brissette@gmail.com<\/p>\n<p>[\/et_pb_text][\/et_pb_column][\/et_pb_row][\/et_pb_section]<\/p>","protected":false},"excerpt":{"rendered":"<p>PortfolioRIVER HouseSitu\u00e9 dans un rang au bord d\u2019une rivi\u00e8re, nous avons respect\u00e9 le style rustique en mettant en valeur le charme de la campagne. Ayant mis l&rsquo;accent sur la simplicit\u00e9 et la beaut\u00e9 avec un mouvement chaleureux et romantique.\u00a0 L&rsquo;int\u00e9rieur arbore des couleurs naturelles, des accessoires aux motifs \u00e9l\u00e9gants, et du bois brut pour cr\u00e9er [&hellip;]<\/p>","protected":false},"author":1,"featured_media":0,"parent":0,"menu_order":0,"comment_status":"closed","ping_status":"closed","template":"","meta":{"_et_pb_use_builder":"on","_et_pb_old_content":"","_et_gb_content_width":"","footnotes":""},"class_list":["post-37","page","type-page","status-publish","hentry"],"_links":{"self":[{"href":"https:\/\/www.studiostefanie.com\/en\/wp-json\/wp\/v2\/pages\/37","targetHints":{"allow":["GET"]}}],"collection":[{"href":"https:\/\/www.studiostefanie.com\/en\/wp-json\/wp\/v2\/pages"}],"about":[{"href":"https:\/\/www.studiostefanie.com\/en\/wp-json\/wp\/v2\/types\/page"}],"author":[{"embeddable":true,"href":"https:\/\/www.studiostefanie.com\/en\/wp-json\/wp\/v2\/users\/1"}],"replies":[{"embeddable":true,"href":"https:\/\/www.studiostefanie.com\/en\/wp-json\/wp\/v2\/comments?post=37"}],"version-history":[{"count":22,"href":"https:\/\/www.studiostefanie.com\/en\/wp-json\/wp\/v2\/pages\/37\/revisions"}],"predecessor-version":[{"id":260,"href":"https:\/\/www.studiostefanie.com\/en\/wp-json\/wp\/v2\/pages\/37\/revisions\/260"}],"wp:attachment":[{"href":"https:\/\/www.studiostefanie.com\/en\/wp-json\/wp\/v2\/media?parent=37"}],"curies":[{"name":"wp","href":"https:\/\/api.w.org\/{rel}","templated":true}]}}